{"id":1960,"date":"2025-08-05T11:13:17","date_gmt":"2025-08-05T09:13:17","guid":{"rendered":"https:\/\/loeliaformations.fr\/?page_id=1960"},"modified":"2025-08-18T14:00:35","modified_gmt":"2025-08-18T12:00:35","slug":"gestes-de-premiers-secours-petite-enfance","status":"publish","type":"page","link":"https:\/\/loeliaformations.fr\/index.php\/gestes-de-premiers-secours-petite-enfance\/","title":{"rendered":"gestes de premiers secours petite enfance"},"content":{"rendered":"\t\t<div data-elementor-type=\"wp-page\" data-elementor-id=\"1960\" class=\"elementor elementor-1960\">\n\t\t\t\t\t\t<section class=\"elementor-section elementor-top-section elementor-element elementor-element-336db8c elementor-section-boxed elementor-section-height-default elementor-section-height-default\" data-id=\"336db8c\" data-element_type=\"section\">\n\t\t\t\t\t\t<div class=\"elementor-container elementor-column-gap-default\">\n\t\t\t\t\t<div class=\"elementor-column elementor-col-100 elementor-top-column elementor-element elementor-element-b4c8421\" data-id=\"b4c8421\" data-element_type=\"column\">\n\t\t\t<div class=\"elementor-widget-wrap elementor-element-populated\">\n\t\t\t\t\t\t<div class=\"elementor-element elementor-element-c6f515f elementor-widget elementor-widget-image\" data-id=\"c6f515f\" data-element_type=\"widget\" data-widget_type=\"image.default\">\n\t\t\t\t<div class=\"elementor-widget-container\">\n\t\t\t\t\t\t\t\t\t\t\t\t\t\t\t<img fetchpriority=\"high\" decoding=\"async\" width=\"300\" height=\"300\" src=\"https:\/\/loeliaformations.fr\/wp-content\/uploads\/2022\/10\/cropped-4-300x300.png\" class=\"attachment-medium size-medium wp-image-212\" alt=\"\" srcset=\"https:\/\/loeliaformations.fr\/wp-content\/uploads\/2022\/10\/cropped-4-300x300.png 300w, https:\/\/loeliaformations.fr\/wp-content\/uploads\/2022\/10\/cropped-4-150x150.png 150w, https:\/\/loeliaformations.fr\/wp-content\/uploads\/2022\/10\/cropped-4-270x270.png 270w, https:\/\/loeliaformations.fr\/wp-content\/uploads\/2022\/10\/cropped-4-192x192.png 192w, https:\/\/loeliaformations.fr\/wp-content\/uploads\/2022\/10\/cropped-4-180x180.png 180w, https:\/\/loeliaformations.fr\/wp-content\/uploads\/2022\/10\/cropped-4-32x32.png 32w, https:\/\/loeliaformations.fr\/wp-content\/uploads\/2022\/10\/cropped-4.png 512w\" sizes=\"(max-width: 300px) 100vw, 300px\" \/>\t\t\t\t\t\t\t\t\t\t\t\t\t\t\t<\/div>\n\t\t\t\t<\/div>\n\t\t\t\t<div class=\"elementor-element elementor-element-68e04bc elementor-widget elementor-widget-heading\" data-id=\"68e04bc\" data-element_type=\"widget\" data-widget_type=\"heading.default\">\n\t\t\t\t<div class=\"elementor-widget-container\">\n\t\t\t\t\t<h2 class=\"elementor-heading-title elementor-size-default\">Gestes de premiers secours petite enfance<\/h2>\t\t\t\t<\/div>\n\t\t\t\t<\/div>\n\t\t\t\t\t<\/div>\n\t\t<\/div>\n\t\t\t\t\t<\/div>\n\t\t<\/section>\n\t\t\t\t<section class=\"elementor-section elementor-top-section elementor-element elementor-element-505765b elementor-section-boxed elementor-section-height-default elementor-section-height-default\" data-id=\"505765b\" data-element_type=\"section\">\n\t\t\t\t\t\t<div class=\"elementor-container elementor-column-gap-default\">\n\t\t\t\t\t<div class=\"elementor-column elementor-col-100 elementor-top-column elementor-element elementor-element-575095c\" data-id=\"575095c\" data-element_type=\"column\">\n\t\t\t<div class=\"elementor-widget-wrap elementor-element-populated\">\n\t\t\t\t\t\t<div class=\"elementor-element elementor-element-2fb8e7f elementor-widget elementor-widget-image\" data-id=\"2fb8e7f\" data-element_type=\"widget\" data-widget_type=\"image.default\">\n\t\t\t\t<div class=\"elementor-widget-container\">\n\t\t\t\t\t\t\t\t\t\t\t\t\t\t\t<img decoding=\"async\" src=\"https:\/\/loeliaformations.fr\/wp-content\/uploads\/2025\/08\/Gestes-de-premiers-secours-petite-enfance-1-2.pdf\" title=\"\" alt=\"\" loading=\"lazy\" \/>\t\t\t\t\t\t\t\t\t\t\t\t\t\t\t<\/div>\n\t\t\t\t<\/div>\n\t\t\t\t<div class=\"elementor-element elementor-element-45443ba elementor-widget elementor-widget-spacer\" data-id=\"45443ba\" data-element_type=\"widget\" data-widget_type=\"spacer.default\">\n\t\t\t\t<div class=\"elementor-widget-container\">\n\t\t\t\t\t\t\t<div class=\"elementor-spacer\">\n\t\t\t<div class=\"elementor-spacer-inner\"><\/div>\n\t\t<\/div>\n\t\t\t\t\t\t<\/div>\n\t\t\t\t<\/div>\n\t\t\t\t\t<\/div>\n\t\t<\/div>\n\t\t\t\t\t<\/div>\n\t\t<\/section>\n\t\t\t\t<section class=\"elementor-section elementor-top-section elementor-element elementor-element-317c76d elementor-section-boxed elementor-section-height-default elementor-section-height-default\" data-id=\"317c76d\" data-element_type=\"section\">\n\t\t\t\t\t\t<div class=\"elementor-container elementor-column-gap-default\">\n\t\t\t\t\t<div class=\"elementor-column elementor-col-100 elementor-top-column elementor-element elementor-element-fe536d0\" data-id=\"fe536d0\" data-element_type=\"column\">\n\t\t\t<div class=\"elementor-widget-wrap\">\n\t\t\t\t\t\t\t<\/div>\n\t\t<\/div>\n\t\t\t\t\t<\/div>\n\t\t<\/section>\n\t\t\t\t<section class=\"elementor-section elementor-top-section elementor-element elementor-element-c8345cd elementor-section-boxed elementor-section-height-default elementor-section-height-default\" data-id=\"c8345cd\" data-element_type=\"section\">\n\t\t\t\t\t\t<div class=\"elementor-container elementor-column-gap-default\">\n\t\t\t\t\t<div class=\"elementor-column elementor-col-33 elementor-top-column elementor-element elementor-element-7008c2b\" data-id=\"7008c2b\" data-element_type=\"column\">\n\t\t\t<div class=\"elementor-widget-wrap elementor-element-populated\">\n\t\t\t\t\t\t<div class=\"elementor-element elementor-element-408017d elementor-widget__width-initial elementor-widget elementor-widget-text-editor\" data-id=\"408017d\" data-element_type=\"widget\" data-widget_type=\"text-editor.default\">\n\t\t\t\t<div class=\"elementor-widget-container\">\n\t\t\t\t\t\t\t\t\t<h3 style=\"text-align: center;\"><strong><span style=\"color: #ff9900;\"><u>Conditions<\/u><\/span><\/strong><\/h3><p style=\"text-align: center;\"><span style=\"color: #0000ff;\"><strong>Dur\u00e9e : 1 jour<\/strong><\/span><\/p><p style=\"text-align: center;\">7 heures auxquelles il faut ajouter, si n\u00e9cessaire, le temps pour traiter les risques sp\u00e9cifiques de la profession.<\/p><p style=\"text-align: center;\"><span style=\"color: #0000ff;\"><strong>Public :<\/strong><\/span><br \/>La formation Gestes de premiers secours -petite enfance s\u2019adresse \u00e0 toute personne qui dans le cadre de son activit\u00e9 professionnelle<br \/>(cr\u00e8che, assistante maternelle, personnel p\u00e9riscolaire, centre de vacances, de loisirs&#8230;), ses engagements ou de ses responsabilit\u00e9s est amen\u00e9e \u00e0 s\u2019occuper et \u00e0 encadrer des enfants en bas \u00e2ge et\/ou des nourrissons.<br \/><span style=\"color: #0000ff;\"><strong>Minimum 4 personnes<\/strong><\/span><br \/><span style=\"color: #0000ff;\"><strong>Maximum 10 personnes<\/strong><\/span><br \/>En de\u00e7\u00e0 de 4 personnes, le stage ne peut \u00eatre maintenus<br \/><span style=\"color: #0000ff;\"><strong>Pr\u00e9requis :<\/strong><\/span><br \/>Aucun<br \/><span style=\"color: #0000ff;\"><strong>Objectifs p\u00e9dagogiques :<\/strong><\/span><br \/>A l\u2019issue de la formation le stagiaire sera capable de : \u00catre capable de prot\u00e9ger du suraccident, de r\u00e9aliser les gestes de secours adapt\u00e9s \u00e0 l\u2019enfant en bas \u00e2ge, d\u2019alerter les secours appropri\u00e9s, d\u2019emp\u00eacher l\u2019aggravation de l\u2019\u00e9tat de la victime et de pr\u00e9server son int\u00e9grit\u00e9 physique en attendant l\u2019arriv\u00e9e des secours<br \/><span style=\"color: #0000ff;\"><strong>Moyens p\u00e9dagogiques :<\/strong><\/span><br \/>Expos\u00e9s s\u2019appuyant sur des moyens audio-visuels et des supports physiques, simulations et mises en situation pratiques actives, \u00e9valuations formatives<br \/><span style=\"color: #0000ff;\"><strong>Tarif :<\/strong><\/span><br \/><span style=\"color: #0000ff;\"><a style=\"color: #0000ff;\" href=\"https:\/\/loeliaformations.fr\/index.php\/contact-2\/\"><strong>Nous consulter<\/strong><\/a><\/span><br \/><span style=\"color: #0000ff;\"><strong>Intervenants :<\/strong><\/span><br \/>Formateur secourisme<br \/><span style=\"color: #0000ff;\"><strong>D\u00e9livrance :<\/strong><\/span><br \/>D\u00e9livrance d\u2019une attestation de fin de formation<br \/><span style=\"color: #0000ff;\"><strong>Accessibilit\u00e9 :<\/strong><\/span><br \/>Pour toute situation de handicap merci de nous contacter pour envisager la faisabilit\u00e9.<\/p>\t\t\t\t\t\t\t\t<\/div>\n\t\t\t\t<\/div>\n\t\t\t\t\t<\/div>\n\t\t<\/div>\n\t\t\t\t<div class=\"elementor-column elementor-col-33 elementor-top-column elementor-element elementor-element-2d89215\" data-id=\"2d89215\" data-element_type=\"column\">\n\t\t\t<div class=\"elementor-widget-wrap elementor-element-populated\">\n\t\t\t\t\t\t<div class=\"elementor-element elementor-element-d74503f elementor-widget__width-initial elementor-widget elementor-widget-text-editor\" data-id=\"d74503f\" data-element_type=\"widget\" data-widget_type=\"text-editor.default\">\n\t\t\t\t<div class=\"elementor-widget-container\">\n\t\t\t\t\t\t\t\t\t<h3 style=\"text-align: center;\"><span style=\"color: #ff9900;\"><u>Module th\u00e9orique<\/u><\/span><\/h3><p style=\"text-align: left;\"><span style=\"color: #0000ff;\">\u2192<\/span> <strong>Principes de base en 5 points<\/strong><\/p><p style=\"text-align: left;\"><strong><span style=\"color: #0000ff;\">\u2192<\/span> Aborder l\u2019enfant bless\u00e9<\/strong><\/p><p style=\"text-align: left;\"><strong><span style=\"color: #0000ff;\">\u2192<\/span> R\u00e9aliser une protection adapt\u00e9e sur une situation d&rsquo;accident<\/strong><\/p><p style=\"text-align: left;\"><strong><span style=\"color: #0000ff;\">\u2192<\/span> Alerte aux populations<\/strong><\/p><p style=\"text-align: left;\"><strong><span style=\"color: #0000ff;\">\u2192<\/span> Faire alerter ou alerter<\/strong><\/p><p style=\"text-align: left;\"><strong><span style=\"color: #0000ff;\">\u2192<\/span> \u00c9valuer l\u2019\u00e9tat de l\u2019enfant<\/strong><\/p><p style=\"text-align: left;\"><strong><span style=\"color: #0000ff;\">\u2192<\/span> Secourir la victime de mani\u00e8re appropri\u00e9e = effectuer l&rsquo;action (succession de gestes) <\/strong><strong>appropri\u00e9e \u00e0 l&rsquo;\u00e9tat de l\u2019enfant :<\/strong><\/p><p><span style=\"color: #0000ff;\"><i>&#8211;<\/i><\/span><strong>L\u2019enfant s&rsquo;\u00e9touffe<\/strong><\/p><p><strong><span style=\"color: #0000ff;\">&#8211;<\/span> L\u2019enfant saigne abondamment<\/strong><\/p><p><strong><span style=\"color: #0000ff;\">&#8211;<\/span>L\u2019enfant a perdu connaissance<\/strong><\/p><p><strong><span style=\"color: #0000ff;\">&#8211;<\/span>L\u2019enfant est en arr\u00eat cardiaque<\/strong><\/p><p><strong><span style=\"color: #0000ff;\">&#8211;<\/span> L\u2019enfant s\u2019est \u00e9lectris\u00e9<\/strong><\/p><p><strong><span style=\"color: #0000ff;\">&#8211;<\/span>La noyade<\/strong><\/p><p><strong><span style=\"color: #0000ff;\">&#8211;<\/span> La mort inattendue et inexpliqu\u00e9e du nourrisson<\/strong><\/p><p><strong>-L\u2019enfant se plaint d\u2019un malaise<\/strong><\/p><p><strong>&#8211; L\u2019enfant pr\u00e9sente une plaie grave<\/strong><\/p><p><strong>-L\u2019enfant pr\u00e9sente une plaie simple<\/strong><\/p><p><strong>-L\u2019enfant pr\u00e9sente une br\u00fblure grave<\/strong><\/p><p><strong>-L\u2019enfant pr\u00e9sente une br\u00fblure simple<\/strong><\/p><p><strong>-L\u2019enfant pr\u00e9sente un traumatisme de membre<\/strong><\/p>\t\t\t\t\t\t\t\t<\/div>\n\t\t\t\t<\/div>\n\t\t\t\t<div class=\"elementor-element elementor-element-586bad2 elementor-widget elementor-widget-spacer\" data-id=\"586bad2\" data-element_type=\"widget\" data-widget_type=\"spacer.default\">\n\t\t\t\t<div class=\"elementor-widget-container\">\n\t\t\t\t\t\t\t<div class=\"elementor-spacer\">\n\t\t\t<div class=\"elementor-spacer-inner\"><\/div>\n\t\t<\/div>\n\t\t\t\t\t\t<\/div>\n\t\t\t\t<\/div>\n\t\t\t\t<div class=\"elementor-element elementor-element-43401d7 elementor-widget elementor-widget-spacer\" data-id=\"43401d7\" data-element_type=\"widget\" data-widget_type=\"spacer.default\">\n\t\t\t\t<div class=\"elementor-widget-container\">\n\t\t\t\t\t\t\t<div class=\"elementor-spacer\">\n\t\t\t<div class=\"elementor-spacer-inner\"><\/div>\n\t\t<\/div>\n\t\t\t\t\t\t<\/div>\n\t\t\t\t<\/div>\n\t\t\t\t\t<\/div>\n\t\t<\/div>\n\t\t\t\t<div class=\"elementor-column elementor-col-33 elementor-top-column elementor-element elementor-element-6e6847c\" data-id=\"6e6847c\" data-element_type=\"column\">\n\t\t\t<div class=\"elementor-widget-wrap elementor-element-populated\">\n\t\t\t\t\t\t<div class=\"elementor-element elementor-element-3183a64 elementor-widget elementor-widget-text-editor\" data-id=\"3183a64\" data-element_type=\"widget\" data-widget_type=\"text-editor.default\">\n\t\t\t\t<div class=\"elementor-widget-container\">\n\t\t\t\t\t\t\t\t\t<h3 style=\"text-align: center;\"><span style=\"color: #ff9900;\"><u>Module Th\u00e9orique<\/u><\/span><\/h3><p style=\"text-align: center;\">Exercices pratique sur les diff\u00e9rents th\u00e8mes abord\u00e9s lors de la th\u00e9orie.<\/p>\t\t\t\t\t\t\t\t<\/div>\n\t\t\t\t<\/div>\n\t\t\t\t<div class=\"elementor-element elementor-element-666fbcb elementor-widget elementor-widget-text-editor\" data-id=\"666fbcb\" data-element_type=\"widget\" data-widget_type=\"text-editor.default\">\n\t\t\t\t<div class=\"elementor-widget-container\">\n\t\t\t\t\t\t\t\t\t<h3 style=\"text-align: center;\"><span style=\"color: #ff9900;\"><u>Validation<\/u><\/span><\/h3><p style=\"text-align: center;\">Evaluation continue formative (pr\u00e9sence, r\u00e9alisation des apprentissages et mise en situation).<\/p><p style=\"text-align: center;\">Une attestation de formation est d\u00e9livr\u00e9e \u00e0 chaque participant ayant rempli les conditions d\u2019\u00e9valuation.<\/p>\t\t\t\t\t\t\t\t<\/div>\n\t\t\t\t<\/div>\n\t\t\t\t<div class=\"elementor-element elementor-element-014ce90 elementor-widget elementor-widget-spacer\" data-id=\"014ce90\" data-element_type=\"widget\" data-widget_type=\"spacer.default\">\n\t\t\t\t<div class=\"elementor-widget-container\">\n\t\t\t\t\t\t\t<div class=\"elementor-spacer\">\n\t\t\t<div class=\"elementor-spacer-inner\"><\/div>\n\t\t<\/div>\n\t\t\t\t\t\t<\/div>\n\t\t\t\t<\/div>\n\t\t\t\t<div class=\"elementor-element elementor-element-5cbe37e elementor-widget elementor-widget-spacer\" data-id=\"5cbe37e\" data-element_type=\"widget\" data-widget_type=\"spacer.default\">\n\t\t\t\t<div class=\"elementor-widget-container\">\n\t\t\t\t\t\t\t<div class=\"elementor-spacer\">\n\t\t\t<div class=\"elementor-spacer-inner\"><\/div>\n\t\t<\/div>\n\t\t\t\t\t\t<\/div>\n\t\t\t\t<\/div>\n\t\t\t\t<div class=\"elementor-element elementor-element-ab70a84 elementor-widget__width-initial elementor-widget elementor-widget-text-editor\" data-id=\"ab70a84\" data-element_type=\"widget\" data-widget_type=\"text-editor.default\">\n\t\t\t\t<div class=\"elementor-widget-container\">\n\t\t\t\t\t\t\t\t\t<p style=\"text-align: center;\"><span style=\"color: #0000ff;\"><strong>Loelia Formations<\/strong><\/span><\/p><p style=\"text-align: center;\"><strong>17 rue Mathurin Meheut 29430 PLOUESCAT\u00a0 \u00a007 72 14 81 52<\/strong><br \/><strong><a href=\"https:\/\/loeliaformations.fr\">Loeliaformations.fr<\/a> \u2013 <a href=\"mailto:loelia.formations@gmail.com\">loelia.formations@gmail.com<\/a><\/strong><br \/><strong>SIRET N\u00b0 904 210 812 00015<\/strong><\/p><p style=\"text-align: center;\"><strong>Num\u00e9ro de d\u00e9claration d\u2019activit\u00e9 N\u00b0 53290951929 aupr\u00e8s du pr\u00e9fet de r\u00e9gion Bretagne.<\/strong><\/p><p style=\"text-align: center;\"><strong>V1-Avril 2024<\/strong><\/p>\t\t\t\t\t\t\t\t<\/div>\n\t\t\t\t<\/div>\n\t\t\t\t<div class=\"elementor-element elementor-element-cf1e868 elementor-widget elementor-widget-spacer\" data-id=\"cf1e868\" data-element_type=\"widget\" data-widget_type=\"spacer.default\">\n\t\t\t\t<div class=\"elementor-widget-container\">\n\t\t\t\t\t\t\t<div class=\"elementor-spacer\">\n\t\t\t<div class=\"elementor-spacer-inner\"><\/div>\n\t\t<\/div>\n\t\t\t\t\t\t<\/div>\n\t\t\t\t<\/div>\n\t\t\t\t<div class=\"elementor-element elementor-element-bf65272 elementor-widget elementor-widget-image\" data-id=\"bf65272\" data-element_type=\"widget\" data-widget_type=\"image.default\">\n\t\t\t\t<div class=\"elementor-widget-container\">\n\t\t\t\t\t\t\t\t\t\t\t\t\t\t\t<img decoding=\"async\" width=\"150\" height=\"140\" src=\"https:\/\/loeliaformations.fr\/wp-content\/uploads\/2022\/10\/cropped-Loelia-Logo-150x140.png\" class=\"attachment-thumbnail size-thumbnail wp-image-944\" alt=\"loeliaformations\" \/>\t\t\t\t\t\t\t\t\t\t\t\t\t\t\t<\/div>\n\t\t\t\t<\/div>\n\t\t\t\t<div class=\"elementor-element elementor-element-b9526e4 elementor-widget elementor-widget-spacer\" data-id=\"b9526e4\" data-element_type=\"widget\" data-widget_type=\"spacer.default\">\n\t\t\t\t<div class=\"elementor-widget-container\">\n\t\t\t\t\t\t\t<div class=\"elementor-spacer\">\n\t\t\t<div class=\"elementor-spacer-inner\"><\/div>\n\t\t<\/div>\n\t\t\t\t\t\t<\/div>\n\t\t\t\t<\/div>\n\t\t\t\t<div class=\"elementor-element elementor-element-328b6e1 elementor-widget elementor-widget-text-editor\" data-id=\"328b6e1\" data-element_type=\"widget\" data-widget_type=\"text-editor.default\">\n\t\t\t\t<div class=\"elementor-widget-container\">\n\t\t\t\t\t\t\t\t\t<p style=\"text-align: center;\">Organisme de formation habilit\u00e9 au niveau national par le r\u00e9seau de pr\u00e9vention INRS.<br \/>Habilitation N\u00b0 1512330\/2022\/SST-01\/0\/13 valable jusqu\u2019au 01\/04\/2027<\/p>\t\t\t\t\t\t\t\t<\/div>\n\t\t\t\t<\/div>\n\t\t\t\t\t<\/div>\n\t\t<\/div>\n\t\t\t\t\t<\/div>\n\t\t<\/section>\n\t\t\t\t<section class=\"elementor-section elementor-top-section elementor-element elementor-element-458df60 elementor-section-boxed elementor-section-height-default elementor-section-height-default\" data-id=\"458df60\" data-element_type=\"section\">\n\t\t\t\t\t\t<div class=\"elementor-container elementor-column-gap-default\">\n\t\t\t\t\t<div class=\"elementor-column elementor-col-100 elementor-top-column elementor-element elementor-element-2d798b6\" data-id=\"2d798b6\" data-element_type=\"column\">\n\t\t\t<div class=\"elementor-widget-wrap\">\n\t\t\t\t\t\t\t<\/div>\n\t\t<\/div>\n\t\t\t\t\t<\/div>\n\t\t<\/section>\n\t\t\t\t<section class=\"elementor-section elementor-top-section elementor-element elementor-element-5827aa0 elementor-section-boxed elementor-section-height-default elementor-section-height-default\" data-id=\"5827aa0\" data-element_type=\"section\">\n\t\t\t\t\t\t<div class=\"elementor-container elementor-column-gap-default\">\n\t\t\t\t\t<div class=\"elementor-column elementor-col-100 elementor-top-column elementor-element elementor-element-0d45dc9\" data-id=\"0d45dc9\" data-element_type=\"column\">\n\t\t\t<div class=\"elementor-widget-wrap\">\n\t\t\t\t\t\t\t<\/div>\n\t\t<\/div>\n\t\t\t\t\t<\/div>\n\t\t<\/section>\n\t\t\t\t<section class=\"elementor-section elementor-top-section elementor-element elementor-element-7474152 elementor-section-boxed elementor-section-height-default elementor-section-height-default\" data-id=\"7474152\" data-element_type=\"section\">\n\t\t\t\t\t\t<div class=\"elementor-container elementor-column-gap-default\">\n\t\t\t\t\t<div class=\"elementor-column elementor-col-100 elementor-top-column elementor-element elementor-element-04f1bba\" data-id=\"04f1bba\" data-element_type=\"column\">\n\t\t\t<div class=\"elementor-widget-wrap\">\n\t\t\t\t\t\t\t<\/div>\n\t\t<\/div>\n\t\t\t\t\t<\/div>\n\t\t<\/section>\n\t\t\t\t<\/div>\n\t\t","protected":false},"excerpt":{"rendered":"<p>Gestes de premiers secours petite enfance Conditions Dur\u00e9e : 1 jour 7 heures auxquelles il faut ajouter, si n\u00e9cessaire, le temps pour traiter les risques sp\u00e9cifiques de la profession. Public :La formation Gestes de premiers secours -petite enfance s\u2019adresse \u00e0 toute personne qui dans le cadre de son activit\u00e9 professionnelle(cr\u00e8che, assistante maternelle, personnel p\u00e9riscolaire, centre&hellip;&nbsp;<a href=\"https:\/\/loeliaformations.fr\/index.php\/gestes-de-premiers-secours-petite-enfance\/\" class=\"\" rel=\"bookmark\">Lire la suite &raquo;<span class=\"screen-reader-text\">gestes de premiers secours petite enfance<\/span><\/a><\/p>\n","protected":false},"author":1,"featured_media":0,"parent":0,"menu_order":0,"comment_status":"closed","ping_status":"closed","template":"page-templates\/template-pagebuilder-full-width.php","meta":{"neve_meta_sidebar":"","neve_meta_container":"","neve_meta_enable_content_width":"","neve_meta_content_width":0,"neve_meta_title_alignment":"","neve_meta_author_avatar":"","neve_post_elements_order":"","neve_meta_disable_header":"","neve_meta_disable_footer":"","neve_meta_disable_title":"","footnotes":""},"class_list":["post-1960","page","type-page","status-publish","hentry"],"_links":{"self":[{"href":"https:\/\/loeliaformations.fr\/index.php\/wp-json\/wp\/v2\/pages\/1960","targetHints":{"allow":["GET"]}}],"collection":[{"href":"https:\/\/loeliaformations.fr\/index.php\/wp-json\/wp\/v2\/pages"}],"about":[{"href":"https:\/\/loeliaformations.fr\/index.php\/wp-json\/wp\/v2\/types\/page"}],"author":[{"embeddable":true,"href":"https:\/\/loeliaformations.fr\/index.php\/wp-json\/wp\/v2\/users\/1"}],"replies":[{"embeddable":true,"href":"https:\/\/loeliaformations.fr\/index.php\/wp-json\/wp\/v2\/comments?post=1960"}],"version-history":[{"count":44,"href":"https:\/\/loeliaformations.fr\/index.php\/wp-json\/wp\/v2\/pages\/1960\/revisions"}],"predecessor-version":[{"id":2100,"href":"https:\/\/loeliaformations.fr\/index.php\/wp-json\/wp\/v2\/pages\/1960\/revisions\/2100"}],"wp:attachment":[{"href":"https:\/\/loeliaformations.fr\/index.php\/wp-json\/wp\/v2\/media?parent=1960"}],"curies":[{"name":"wp","href":"https:\/\/api.w.org\/{rel}","templated":true}]}}